{"id":397,"date":"2022-09-20T10:59:53","date_gmt":"2022-09-20T08:59:53","guid":{"rendered":"https:\/\/fbd38.com\/?page_id=397"},"modified":"2023-11-04T14:03:55","modified_gmt":"2023-11-04T13:03:55","slug":"ateliers","status":"publish","type":"page","link":"https:\/\/fbd38.com\/index.php\/ateliers\/","title":{"rendered":"Ateliers"},"content":{"rendered":"<style>\/*! elementor - v3.17.0 - 01-11-2023 *\/\n.elementor-heading-title{padding:0;margin:0;line-height:1}.elementor-widget-heading .elementor-heading-title[class*=elementor-size-]>a{color:inherit;font-size:inherit;line-height:inherit}.elementor-widget-heading .elementor-heading-title.elementor-size-small{font-size:15px}.elementor-widget-heading .elementor-heading-title.elementor-size-medium{font-size:19px}.elementor-widget-heading .elementor-heading-title.elementor-size-large{font-size:29px}.elementor-widget-heading .elementor-heading-title.elementor-size-xl{font-size:39px}.elementor-widget-heading .elementor-heading-title.elementor-size-xxl{font-size:59px}<\/style>\n<h2>Programmation Robot<\/h2>\n<ul>\n<li style=\"list-style-type: none;\">\n<ul>\n<li>15 Septembre 2023<\/li>\n<li>22 Septembre 2023<\/li>\n<li>29\u00a0 Septembre 2023<\/li>\n<li>6 Octobre 2023<\/li>\n<\/ul>\n<\/li>\n<\/ul>\n<p>\u00a0<\/p>\n<style>\/*! elementor - v3.17.0 - 01-11-2023 *\/\n.elementor-widget-image{text-align:center}.elementor-widget-image a{display:inline-block}.elementor-widget-image a img[src$=\".svg\"]{width:48px}.elementor-widget-image img{vertical-align:middle;display:inline-block}<\/style>\n<p>\t\t\t\t\t\t\t\t\t\t\t\t<img decoding=\"async\" width=\"369\" height=\"300\" src=\"https:\/\/fbd38.com\/wp-content\/uploads\/2023\/02\/ar-chassis-micro-maqueen-plus-v2-mbt0021-18-35427.jpg\" alt=\"\" loading=\"lazy\" srcset=\"https:\/\/fbd38.com\/wp-content\/uploads\/2023\/02\/ar-chassis-micro-maqueen-plus-v2-mbt0021-18-35427.jpg 369w, https:\/\/fbd38.com\/wp-content\/uploads\/2023\/02\/ar-chassis-micro-maqueen-plus-v2-mbt0021-18-35427-300x244.jpg 300w\" sizes=\"auto, (max-width: 369px) 85vw, 369px\" \/>\t\t\t\t\t\t\t\t\t\t\t\t\t\t\t<\/p>\n<p>Presentation du programme 2023\/2024 et du challenge Robot de Juin 2024.<\/p>\n<p>Constitution des \u00e9quipes par Robot.<\/p>\n<p>Programmation d&rsquo;un robot Micro:bit.<\/p>\n<h2>Mod\u00e9lisation 3D (Fusion 360)<\/h2>\n<ul>\n<li style=\"list-style-type: none;\">\n<ul>\n<li><s>10 Novembre 2023<\/s><\/li>\n<li>17 Novembre 2023<\/li>\n<li>24 Novembre 2023<\/li>\n<li>1 D\u00e9cembre 2023<\/li>\n<\/ul>\n<\/li>\n<\/ul>\n<p>\t\t\t\t\t\t\t\t\t\t\t\t\t\t\t<img decoding=\"async\" width=\"768\" height=\"1024\" src=\"https:\/\/fbd38.com\/wp-content\/uploads\/2022\/09\/IMG_20220909_162737-768x1024.jpg\" alt=\"\" loading=\"lazy\" srcset=\"https:\/\/fbd38.com\/wp-content\/uploads\/2022\/09\/IMG_20220909_162737-768x1024.jpg 768w, https:\/\/fbd38.com\/wp-content\/uploads\/2022\/09\/IMG_20220909_162737-225x300.jpg 225w, https:\/\/fbd38.com\/wp-content\/uploads\/2022\/09\/IMG_20220909_162737-1152x1536.jpg 1152w, https:\/\/fbd38.com\/wp-content\/uploads\/2022\/09\/IMG_20220909_162737-1536x2048.jpg 1536w, https:\/\/fbd38.com\/wp-content\/uploads\/2022\/09\/IMG_20220909_162737-1200x1600.jpg 1200w, https:\/\/fbd38.com\/wp-content\/uploads\/2022\/09\/IMG_20220909_162737-scaled.jpg 1920w\" sizes=\"auto, (max-width: 768px) 85vw, 768px\" \/>\t\t\t\t\t\t\t\t\t\t\t\t\t\t\t<\/p>\n<p>Utilisation du logiciel Fusion 360 pour mod\u00e9liser des pi\u00e8ces en 3D.<\/p>\n<p>impression des pi\u00e8ces 3D con\u00e7ues.<\/p>\n<h2>Atelier 2D<\/h2>\n<ul>\n<li style=\"list-style-type: none;\">\n<ul>\n<li>8 d\u00e9cembre 2023<\/li>\n<li>15 d\u00e9cembre 2023<\/li>\n<\/ul>\n<\/li>\n<\/ul>\n<p>Mod\u00e9lisation d&rsquo;objet 2D utilisant le logiciel libre Inkscape.<\/p>\n<p>D\u00e9coupe avec une machine Cameo et\/ou Graveuse Laser.<\/p>\n<p>\t\t\t\t\t\t\t\t\t\t\t\t\t\t\t<img decoding=\"async\" width=\"768\" height=\"1024\" src=\"https:\/\/fbd38.com\/wp-content\/uploads\/2022\/09\/IMG_20211020_190613-768x1024.jpg\" alt=\"\" loading=\"lazy\" srcset=\"https:\/\/fbd38.com\/wp-content\/uploads\/2022\/09\/IMG_20211020_190613-768x1024.jpg 768w, https:\/\/fbd38.com\/wp-content\/uploads\/2022\/09\/IMG_20211020_190613-225x300.jpg 225w, https:\/\/fbd38.com\/wp-content\/uploads\/2022\/09\/IMG_20211020_190613-1152x1536.jpg 1152w, https:\/\/fbd38.com\/wp-content\/uploads\/2022\/09\/IMG_20211020_190613-1536x2048.jpg 1536w, https:\/\/fbd38.com\/wp-content\/uploads\/2022\/09\/IMG_20211020_190613-1200x1600.jpg 1200w, https:\/\/fbd38.com\/wp-content\/uploads\/2022\/09\/IMG_20211020_190613-scaled.jpg 1920w\" sizes=\"auto, (max-width: 768px) 85vw, 768px\" \/><br \/>\n\t\t\t\t\t\t\t\t\t\t\t\t\t\t\t<img decoding=\"async\" width=\"768\" height=\"1024\" src=\"https:\/\/fbd38.com\/wp-content\/uploads\/2020\/11\/IMG_20201101_160605-768x1024.jpg\" alt=\"\" loading=\"lazy\" srcset=\"https:\/\/fbd38.com\/wp-content\/uploads\/2020\/11\/IMG_20201101_160605-768x1024.jpg 768w, https:\/\/fbd38.com\/wp-content\/uploads\/2020\/11\/IMG_20201101_160605-225x300.jpg 225w, https:\/\/fbd38.com\/wp-content\/uploads\/2020\/11\/IMG_20201101_160605-1152x1536.jpg 1152w, https:\/\/fbd38.com\/wp-content\/uploads\/2020\/11\/IMG_20201101_160605-1536x2048.jpg 1536w, https:\/\/fbd38.com\/wp-content\/uploads\/2020\/11\/IMG_20201101_160605-1200x1600.jpg 1200w, https:\/\/fbd38.com\/wp-content\/uploads\/2020\/11\/IMG_20201101_160605-scaled.jpg 1920w\" sizes=\"auto, (max-width: 768px) 85vw, 768px\" \/>\t\t\t\t\t\t\t\t\t\t\t\t\t\t\t<\/p>\n<h2>Peinture d&rsquo;objet 3D<\/h2>\n<ul>\n<li style=\"list-style-type: none;\">\n<ul>\n<li>26 Janvier 2024<\/li>\n<li>3 F\u00e9vrier 2024<\/li>\n<li>9 F\u00e9vrier 2024<\/li>\n<\/ul>\n<\/li>\n<\/ul>\n<p>\t\t\t\t\t\t\t\t\t\t\t\t\t\t\t<img decoding=\"async\" width=\"840\" height=\"630\" src=\"https:\/\/fbd38.com\/wp-content\/uploads\/2023\/11\/IMG_20230501_175711-1024x768.jpg\" alt=\"\" loading=\"lazy\" srcset=\"https:\/\/fbd38.com\/wp-content\/uploads\/2023\/11\/IMG_20230501_175711-1024x768.jpg 1024w, https:\/\/fbd38.com\/wp-content\/uploads\/2023\/11\/IMG_20230501_175711-300x225.jpg 300w, https:\/\/fbd38.com\/wp-content\/uploads\/2023\/11\/IMG_20230501_175711-768x576.jpg 768w, https:\/\/fbd38.com\/wp-content\/uploads\/2023\/11\/IMG_20230501_175711-1536x1152.jpg 1536w, https:\/\/fbd38.com\/wp-content\/uploads\/2023\/11\/IMG_20230501_175711-2048x1536.jpg 2048w, https:\/\/fbd38.com\/wp-content\/uploads\/2023\/11\/IMG_20230501_175711-1200x900.jpg 1200w\" sizes=\"auto, (max-width: 709px) 85vw, (max-width: 909px) 67vw, (max-width: 1362px) 62vw, 840px\" \/><br \/>\n\t\t\t\t\t\t\t\t\t\t\t\t\t\t\t<img decoding=\"async\" width=\"840\" height=\"630\" src=\"https:\/\/fbd38.com\/wp-content\/uploads\/2023\/11\/IMG_20230505_204014-1024x768.jpg\" alt=\"\" loading=\"lazy\" srcset=\"https:\/\/fbd38.com\/wp-content\/uploads\/2023\/11\/IMG_20230505_204014-1024x768.jpg 1024w, https:\/\/fbd38.com\/wp-content\/uploads\/2023\/11\/IMG_20230505_204014-300x225.jpg 300w, https:\/\/fbd38.com\/wp-content\/uploads\/2023\/11\/IMG_20230505_204014-768x576.jpg 768w, https:\/\/fbd38.com\/wp-content\/uploads\/2023\/11\/IMG_20230505_204014-1536x1152.jpg 1536w, https:\/\/fbd38.com\/wp-content\/uploads\/2023\/11\/IMG_20230505_204014-2048x1536.jpg 2048w, https:\/\/fbd38.com\/wp-content\/uploads\/2023\/11\/IMG_20230505_204014-1200x900.jpg 1200w\" sizes=\"auto, (max-width: 709px) 85vw, (max-width: 909px) 67vw, (max-width: 1362px) 62vw, 840px\" \/>\t\t\t\t\t\t\t\t\t\t\t\t\t\t\t<\/p>\n<h2>Mod\u00e9lisation 3D (Bender)<\/h2>\n<ul>\n<li style=\"list-style-type: none;\">\n<ul>\n<li>8 Mars 2024<\/li>\n<li>15 Mars 2024<\/li>\n<li>22 Mars 2024<\/li>\n<li>5 Avril 2024 (Peinture)<\/li>\n<\/ul>\n<\/li>\n<\/ul>\n<p>\t\t\t\t\t\t\t\t\t\t\t\t\t\t\t<img decoding=\"async\" width=\"150\" height=\"150\" src=\"https:\/\/fbd38.com\/wp-content\/uploads\/2021\/03\/cropped-Logo_BLC_3D_150.png\" alt=\"\" loading=\"lazy\" \/>\t\t\t\t\t\t\t\t\t\t\t\t\t\t\t<\/p>\n<p>Utilisation du logiciel libre Bender pour mod\u00e9liser des pi\u00e8ces en 3D.<\/p>\n<p>Pi\u00e8ces \u00e0 caract\u00e8re artistique.<\/p>\n<p>Impression des pi\u00e8ces 3D con\u00e7ues et peinture<\/p>\n<h2>Challenge Robot<\/h2>\n<ul>\n<li style=\"list-style-type: none;\">\n<ul>\n<li>24 Mai 2024<\/li>\n<li>31 Mai 2024<\/li>\n<li>Samedi 1er Juin 2024<\/li>\n<\/ul>\n<\/li>\n<\/ul>\n<p>\t\t\t\t\t\t\t\t\t\t\t\t\t\t\t<img decoding=\"async\" width=\"840\" height=\"630\" src=\"https:\/\/fbd38.com\/wp-content\/uploads\/2023\/08\/IMG_20181007_115917-1024x768.jpg\" alt=\"\" loading=\"lazy\" srcset=\"https:\/\/fbd38.com\/wp-content\/uploads\/2023\/08\/IMG_20181007_115917-1024x768.jpg 1024w, https:\/\/fbd38.com\/wp-content\/uploads\/2023\/08\/IMG_20181007_115917-300x225.jpg 300w, https:\/\/fbd38.com\/wp-content\/uploads\/2023\/08\/IMG_20181007_115917-768x576.jpg 768w, https:\/\/fbd38.com\/wp-content\/uploads\/2023\/08\/IMG_20181007_115917-1536x1152.jpg 1536w, https:\/\/fbd38.com\/wp-content\/uploads\/2023\/08\/IMG_20181007_115917-2048x1536.jpg 2048w, https:\/\/fbd38.com\/wp-content\/uploads\/2023\/08\/IMG_20181007_115917-1200x900.jpg 1200w\" sizes=\"auto, (max-width: 709px) 85vw, (max-width: 909px) 67vw, (max-width: 1362px) 62vw, 840px\" \/>\t\t\t\t\t\t\t\t\t\t\t\t\t\t\t<\/p>\n<p>Concours participatif de Robot. Le cahier des charges sera fourni ult\u00e9rieurement. ceci va mettre en pratique tout ce qui aura \u00e9t\u00e9 acquis au-cours des pr\u00e9c\u00e9dents ateliers de la saison 2023\/2024<\/p>\n<style>\/*! elementor - v3.17.0 - 01-11-2023 *\/\n.elementor-column .elementor-spacer-inner{height:var(--spacer-size)}.e-con{--container-widget-width:100%}.e-con-inner>.elementor-widget-spacer,.e-con>.elementor-widget-spacer{width:var(--container-widget-width,var(--spacer-size));--align-self:var(--container-widget-align-self,initial);--flex-shrink:0}.e-con-inner>.elementor-widget-spacer>.elementor-widget-container,.e-con>.elementor-widget-spacer>.elementor-widget-container{height:100%;width:100%}.e-con-inner>.elementor-widget-spacer>.elementor-widget-container>.elementor-spacer,.e-con>.elementor-widget-spacer>.elementor-widget-container>.elementor-spacer{height:100%}.e-con-inner>.elementor-widget-spacer>.elementor-widget-container>.elementor-spacer>.elementor-spacer-inner,.e-con>.elementor-widget-spacer>.elementor-widget-container>.elementor-spacer>.elementor-spacer-inner{height:var(--container-widget-height,var(--spacer-size))}.e-con-inner>.elementor-widget-spacer.elementor-widget-empty,.e-con>.elementor-widget-spacer.elementor-widget-empty{position:relative;min-height:22px;min-width:22px}.e-con-inner>.elementor-widget-spacer.elementor-widget-empty .elementor-widget-empty-icon,.e-con>.elementor-widget-spacer.elementor-widget-empty .elementor-widget-empty-icon{position:absolute;top:0;bottom:0;left:0;right:0;margin:auto;padding:0;width:22px;height:22px}<\/style>\n<h2>Formulaire d&rsquo;inscription \u00e0 un ou plusieurs ateliers<br \/>\n<\/h2>\n<form id=\"wpforms-form-554\" data-formid=\"554\" method=\"post\" enctype=\"multipart\/form-data\" action=\"\/wp-admin\/admin-ajax.php\" data-token=\"6551661d6171daf4fe09952d029c1370\"><noscript>Veuillez activer JavaScript dans votre navigateur pour remplir ce formulaire.<\/noscript><label for=\"wpforms-554-field_0\">Nom *<\/label><input type=\"text\" id=\"wpforms-554-field_0\" name=\"wpforms[fields][0][first]\" required><label for=\"wpforms-554-field_0\">Pr\u00e9nom<\/label><input type=\"text\" id=\"wpforms-554-field_0-last\" name=\"wpforms[fields][0][last]\" required><label for=\"wpforms-554-field_0-last\">Nom<\/label>Formulaire d&rsquo;inscription aux diff\u00e9rent ateliers. N&rsquo;est pas n\u00e9cessaire si inscrit \u00e0 l&rsquo;ann\u00e9e.<br \/>\nSi plusieurs personnes, merci de faire une inscription par personne.<br \/>\nPour les personnes accompagnantes, merci de le signaler dans le champ message.<label for=\"wpforms-554-field_1\">E-mail *<\/label><input type=\"email\" id=\"wpforms-554-field_1\" name=\"wpforms[fields][1]\" spellcheck=\"false\" required><label for=\"wpforms-554-field_17\">Atelier *<\/label><\/p>\n<ul id=\"wpforms-554-field_17\">\n<li><input type=\"checkbox\" id=\"wpforms-554-field_17_1\" name=\"wpforms[fields][17][]\" value=\"Programmation Robot\" required ><label for=\"wpforms-554-field_17_1\">Programmation Robot<\/label><\/li>\n<li><input type=\"checkbox\" id=\"wpforms-554-field_17_6\" name=\"wpforms[fields][17][]\" value=\"Atelier 2D (D\u00e9coupe + Laser)\" required ><label for=\"wpforms-554-field_17_6\">Atelier 2D (D\u00e9coupe + Laser)<\/label><\/li>\n<li><input type=\"checkbox\" id=\"wpforms-554-field_17_2\" name=\"wpforms[fields][17][]\" value=\"Mod\u00e9lisation 3D (Fusion 360)\" required ><label for=\"wpforms-554-field_17_2\">Mod\u00e9lisation 3D (Fusion 360)<\/label><\/li>\n<li><input type=\"checkbox\" id=\"wpforms-554-field_17_3\" name=\"wpforms[fields][17][]\" value=\"Pienture 3D\" required ><label for=\"wpforms-554-field_17_3\">Pienture 3D<\/label><\/li>\n<li><input type=\"checkbox\" id=\"wpforms-554-field_17_4\" name=\"wpforms[fields][17][]\" value=\"Modelisation 3D (Blender)\" required ><label for=\"wpforms-554-field_17_4\">Modelisation 3D (Blender)<\/label><\/li>\n<li><input type=\"checkbox\" id=\"wpforms-554-field_17_5\" name=\"wpforms[fields][17][]\" value=\"Challenge Robot\" required ><label for=\"wpforms-554-field_17_5\">Challenge Robot<\/label><\/li>\n<\/ul>\n<p><label for=\"wpforms-554-field_4\">Inscription *<\/label><select id=\"wpforms-554-field_4\" name=\"wpforms[fields][4]\" required=\"required\"><option value=\"Adulte\" >Adulte<\/option><option value=\"Enfant\" >Enfant<\/option><option value=\"Enfant + Adulte accompagnant\" >Enfant + Adulte accompagnant<\/option><\/select><label for=\"wpforms-554-field_15\">Je peux ammener un PC portable *<\/label><\/p>\n<ul id=\"wpforms-554-field_15\">\n<li><input type=\"checkbox\" id=\"wpforms-554-field_15_1\" name=\"wpforms[fields][15][]\" value=\"Oui\" required ><label for=\"wpforms-554-field_15_1\">Oui<\/label><\/li>\n<li><input type=\"checkbox\" id=\"wpforms-554-field_15_2\" name=\"wpforms[fields][15][]\" value=\"Non\" required ><label for=\"wpforms-554-field_15_2\">Non<\/label><\/li>\n<\/ul>\n<p><label for=\"wpforms-554-field_2\">Commentaire ou message<\/label><textarea id=\"wpforms-554-field_2\" name=\"wpforms[fields][2]\" ><\/textarea><label for=\"wpforms-554-field_13\">Accord RGPD *<\/label><\/p>\n<ul id=\"wpforms-554-field_13\">\n<li><input type=\"checkbox\" id=\"wpforms-554-field_13_1\" name=\"wpforms[fields][13][]\" value=\"Je consens \u00e0 ce que le site beldolabcreation.fr stocke mes informations envoy\u00e9es afin qu\u2019ils puissent r\u00e9pondre \u00e0 ma requ\u00eate.\" required ><label for=\"wpforms-554-field_13_1\">Je consens \u00e0 ce que le site beldolabcreation.fr stocke mes informations envoy\u00e9es afin qu\u2019ils puissent r\u00e9pondre \u00e0 ma requ\u00eate.<\/label><\/li>\n<\/ul>\n<p><!-- .wpforms-field-container --><input type=\"hidden\" name=\"wpforms[recaptcha]\" value=\"\"><input type=\"hidden\" name=\"wpforms[id]\" value=\"554\">\t\t\t<input\n\t\t\t\ttype=\"hidden\"\n\t\t\t\tname=\"wpforms[nonce]\"\n\t\t\t\tvalue=\"b00bc09d1a\"\n\t\t\t\/><br \/>\n\t\t\t<input type=\"hidden\" name=\"wpforms[author]\" value=\"1\"><button type=\"submit\" name=\"wpforms[submit]\" id=\"wpforms-submit-554\" data-alt-text=\"Envoi...\" data-submit-text=\"Envoyer\" aria-live=\"assertive\" value=\"wpforms-submit\">Envoyer<\/button><\/form>\n<p>  <!-- .wpforms-container --><\/p>\n","protected":false},"excerpt":{"rendered":"<p>Programmation Robot 15 Septembre 2023 22 Septembre 2023 29\u00a0 Septembre 2023 6 Octobre 2023 \u00a0 Presentation du programme 2023\/2024 et du challenge Robot de Juin 2024. Constitution des \u00e9quipes par Robot. Programmation d&rsquo;un robot Micro:bit. Mod\u00e9lisation 3D (Fusion 360) 10 Novembre 2023 17 Novembre 2023 24 Novembre 2023 1 D\u00e9cembre 2023 Utilisation du logiciel Fusion &hellip; <a href=\"https:\/\/fbd38.com\/index.php\/ateliers\/\" class=\"more-link\">Continuer la lecture<span class=\"screen-reader-text\"> de &laquo;&nbsp;Ateliers&nbsp;&raquo;<\/span><\/a><\/p>\n","protected":false},"author":1,"featured_media":0,"parent":0,"menu_order":0,"comment_status":"closed","ping_status":"closed","template":"","meta":{"footnotes":""},"class_list":["post-397","page","type-page","status-publish","hentry"],"jetpack_sharing_enabled":true,"_links":{"self":[{"href":"https:\/\/fbd38.com\/index.php\/wp-json\/wp\/v2\/pages\/397","targetHints":{"allow":["GET"]}}],"collection":[{"href":"https:\/\/fbd38.com\/index.php\/wp-json\/wp\/v2\/pages"}],"about":[{"href":"https:\/\/fbd38.com\/index.php\/wp-json\/wp\/v2\/types\/page"}],"author":[{"embeddable":true,"href":"https:\/\/fbd38.com\/index.php\/wp-json\/wp\/v2\/users\/1"}],"replies":[{"embeddable":true,"href":"https:\/\/fbd38.com\/index.php\/wp-json\/wp\/v2\/comments?post=397"}],"version-history":[{"count":67,"href":"https:\/\/fbd38.com\/index.php\/wp-json\/wp\/v2\/pages\/397\/revisions"}],"predecessor-version":[{"id":742,"href":"https:\/\/fbd38.com\/index.php\/wp-json\/wp\/v2\/pages\/397\/revisions\/742"}],"wp:attachment":[{"href":"https:\/\/fbd38.com\/index.php\/wp-json\/wp\/v2\/media?parent=397"}],"curies":[{"name":"wp","href":"https:\/\/api.w.org\/{rel}","templated":true}]}}