{"id":41,"date":"2020-09-06T14:15:31","date_gmt":"2020-09-06T12:15:31","guid":{"rendered":"http:\/\/fbd38.com\/?page_id=41"},"modified":"2023-08-24T11:44:03","modified_gmt":"2023-08-24T09:44:03","slug":"accueil","status":"publish","type":"page","link":"https:\/\/fbd38.com\/","title":{"rendered":"Accueil"},"content":{"rendered":"<p><\/p>\n<p>Le BeldoLAB Cr\u00e9ation est une section du Club Art et Loisirs de Le VERSOUD.<\/p>\n<p><\/p>\n<p>Nous vous proposons des ateliers num\u00e9riques, mettant en \u0153uvres diff\u00e9rentes techniques et machines telles que:<\/p>\n<ul>\n<li style=\"list-style-type: none;\">\n<ul>\n<li style=\"list-style-type: none;\">\n<ul>\n<li>Imprimante 3D.<\/li>\n<li>Graveuse laser.<\/li>\n<li>D\u00e9coupeuse num\u00e9rique.<\/li>\n<li>Programmation de robot.<\/li>\n<li>Mod\u00e9lisation 2D et 3D avec des logiciels libres gratuits.<\/li>\n<li>Peinture d&rsquo;objets 3D pr\u00e9alablement mod\u00e9lis\u00e9s et imprim\u00e9s.<\/li>\n<\/ul>\n<\/li>\n<\/ul>\n<\/li>\n<\/ul>\n<p>Chaque sujet d\u00e9di\u00e9 est compos\u00e9 de deux \u00e0 quatre soir\u00e9es, les vendredis de 18h30 \u00e0 20h30, \u00e0 la maison G\u00e9rard Philipe au Pruney. Consultez notre agenda pour avoir le d\u00e9tail de ces ateliers.<\/p>\n<p><\/p>\n<p>Notre tarif d&rsquo;inscription \u00e0 la section, vous donnant droit \u00e0 participer aux <a href=\"https:\/\/fbd38.com\/index.php\/ateliers\/\" target=\"_blank\" rel=\"noopener\">ateliers<\/a>, pour l&rsquo;ann\u00e9e 2023\/2024 est de 10\u20ac. Chaque soir\u00e9e d&rsquo;atelier est fix\u00e9 \u00e0 5\u20ac avec un maximum cumulant \u00e0 60\u20ac (\u00e9quivalent \u00e0 10\u20ac d&rsquo;adh\u00e9sion + 10 ateliers \u00e0 5\u20ac) si vous voulez participer \u00e0 tous les ateliers de la saison 2023\/2024. Il est vivement recommand\u00e9 de s&rsquo;inscrire aux different ateliers car le nombre de places est limit\u00e9.<\/p>\n<p>Vous pouvez nous contacter en nous envoyant un mail au:<\/p>\n<p><\/p>\n<p>beldolabcreation@gmail.com<\/p>\n<p><\/p>\n<p>\u00a0<\/p>","protected":false},"excerpt":{"rendered":"<p>Le BeldoLAB Cr\u00e9ation est une section du Club Art et Loisirs de Le VERSOUD. Nous vous proposons des ateliers num\u00e9riques, mettant en \u0153uvres diff\u00e9rentes techniques et machines telles que: Imprimante 3D. Graveuse laser. D\u00e9coupeuse num\u00e9rique. Programmation de robot. Mod\u00e9lisation 2D et 3D avec des logiciels libres gratuits. Peinture d&rsquo;objets 3D pr\u00e9alablement mod\u00e9lis\u00e9s et imprim\u00e9s. Chaque &hellip; <a href=\"https:\/\/fbd38.com\/\" class=\"more-link\">Continuer la lecture<span class=\"screen-reader-text\"> de &laquo;&nbsp;Accueil&nbsp;&raquo;<\/span><\/a><\/p>\n","protected":false},"author":1,"featured_media":473,"parent":0,"menu_order":0,"comment_status":"closed","ping_status":"closed","template":"","meta":{"footnotes":""},"class_list":["post-41","page","type-page","status-publish","has-post-thumbnail","hentry"],"jetpack_sharing_enabled":true,"_links":{"self":[{"href":"https:\/\/fbd38.com\/index.php\/wp-json\/wp\/v2\/pages\/41","targetHints":{"allow":["GET"]}}],"collection":[{"href":"https:\/\/fbd38.com\/index.php\/wp-json\/wp\/v2\/pages"}],"about":[{"href":"https:\/\/fbd38.com\/index.php\/wp-json\/wp\/v2\/types\/page"}],"author":[{"embeddable":true,"href":"https:\/\/fbd38.com\/index.php\/wp-json\/wp\/v2\/users\/1"}],"replies":[{"embeddable":true,"href":"https:\/\/fbd38.com\/index.php\/wp-json\/wp\/v2\/comments?post=41"}],"version-history":[{"count":34,"href":"https:\/\/fbd38.com\/index.php\/wp-json\/wp\/v2\/pages\/41\/revisions"}],"predecessor-version":[{"id":696,"href":"https:\/\/fbd38.com\/index.php\/wp-json\/wp\/v2\/pages\/41\/revisions\/696"}],"wp:featuredmedia":[{"embeddable":true,"href":"https:\/\/fbd38.com\/index.php\/wp-json\/wp\/v2\/media\/473"}],"wp:attachment":[{"href":"https:\/\/fbd38.com\/index.php\/wp-json\/wp\/v2\/media?parent=41"}],"curies":[{"name":"wp","href":"https:\/\/api.w.org\/{rel}","templated":true}]}}