{"id":708,"date":"2023-08-24T14:39:51","date_gmt":"2023-08-24T12:39:51","guid":{"rendered":"https:\/\/fbd38.com\/?page_id=708"},"modified":"2023-08-24T14:42:32","modified_gmt":"2023-08-24T12:42:32","slug":"inscription","status":"publish","type":"page","link":"https:\/\/fbd38.com\/index.php\/inscription\/","title":{"rendered":"Inscription"},"content":{"rendered":"<style>\/*! elementor - v3.15.0 - 20-08-2023 *\/\n.elementor-heading-title{padding:0;margin:0;line-height:1}.elementor-widget-heading .elementor-heading-title[class*=elementor-size-]>a{color:inherit;font-size:inherit;line-height:inherit}.elementor-widget-heading .elementor-heading-title.elementor-size-small{font-size:15px}.elementor-widget-heading .elementor-heading-title.elementor-size-medium{font-size:19px}.elementor-widget-heading .elementor-heading-title.elementor-size-large{font-size:29px}.elementor-widget-heading .elementor-heading-title.elementor-size-xl{font-size:39px}.elementor-widget-heading .elementor-heading-title.elementor-size-xxl{font-size:59px}<\/style>\n<h2>Inscription pour la saison 2023\/2024<\/h2>\n<p>Inscription de 60\u20ac donnant droit de participer \u00e0 tous les ateliers de la saison 2023\/2024<\/p>\n<form id=\"wpforms-form-557\" data-formid=\"557\" method=\"post\" enctype=\"multipart\/form-data\" action=\"\/wp-admin\/admin-ajax.php\" data-token=\"24dcb8ae30bda64b1aa52726b92aa27f\"><noscript>Veuillez activer JavaScript dans votre navigateur pour remplir ce formulaire.<\/noscript><label for=\"wpforms-557-field_0\">Nom *<\/label><input type=\"text\" id=\"wpforms-557-field_0\" name=\"wpforms[fields][0][first]\" required><label for=\"wpforms-557-field_0\">Pr\u00e9nom<\/label><input type=\"text\" id=\"wpforms-557-field_0-last\" name=\"wpforms[fields][0][last]\" required><label for=\"wpforms-557-field_0-last\">Nom<\/label><label for=\"wpforms-557-field_1\">E-mail *<\/label><input type=\"email\" id=\"wpforms-557-field_1\" name=\"wpforms[fields][1]\" spellcheck=\"false\" required><label for=\"wpforms-557-field_4\">Inscription *<\/label><select id=\"wpforms-557-field_4\" name=\"wpforms[fields][4]\" required=\"required\"><option value=\"Adulte\" >Adulte<\/option><option value=\"Enfant\" >Enfant<\/option><option value=\"Enfant + Adulte accompagnant\" >Enfant + Adulte accompagnant<\/option><\/select><label for=\"wpforms-557-field_16\">T\u00e9l\u00e9phone<\/label><input type=\"number\" pattern=\"d*\" id=\"wpforms-557-field_16\" name=\"wpforms[fields][16]\" ><label for=\"wpforms-557-field_15\">Je peux ammener un PC portable. *<\/label><\/p>\n<ul id=\"wpforms-557-field_15\">\n<li><input type=\"checkbox\" id=\"wpforms-557-field_15_1\" name=\"wpforms[fields][15][]\" value=\"Oui\" required ><label for=\"wpforms-557-field_15_1\">Oui<\/label><\/li>\n<li><input type=\"checkbox\" id=\"wpforms-557-field_15_2\" name=\"wpforms[fields][15][]\" value=\"Non\" required ><label for=\"wpforms-557-field_15_2\">Non<\/label><\/li>\n<\/ul>\n<p>Je dispose d&rsquo;un PC Windows portable sur lequel je souhaite installer les logiciels utilis\u00e9 pour les diff\u00e9rents atelier.<label for=\"wpforms-557-field_2\">Commentaire ou message<\/label><textarea id=\"wpforms-557-field_2\" name=\"wpforms[fields][2]\" ><\/textarea><label for=\"wpforms-557-field_13\">Accord RGPD *<\/label><\/p>\n<ul id=\"wpforms-557-field_13\">\n<li><input type=\"checkbox\" id=\"wpforms-557-field_13_1\" name=\"wpforms[fields][13][]\" value=\"Je consens \u00e0 ce que le site beldolabcreation.fr stocke mes informations envoy\u00e9es afin qu\u2019ils puissent r\u00e9pondre \u00e0 ma requ\u00eate.\" required ><label for=\"wpforms-557-field_13_1\">Je consens \u00e0 ce que le site beldolabcreation.fr stocke mes informations envoy\u00e9es afin qu\u2019ils puissent r\u00e9pondre \u00e0 ma requ\u00eate.<\/label><\/li>\n<\/ul>\n<p><!-- .wpforms-field-container --><input type=\"hidden\" name=\"wpforms[recaptcha]\" value=\"\"><input type=\"hidden\" name=\"wpforms[id]\" value=\"557\">\t\t\t<input\n\t\t\t\ttype=\"hidden\"\n\t\t\t\tname=\"wpforms[nonce]\"\n\t\t\t\tvalue=\"557dd765d9\"\n\t\t\t\/><br \/>\n\t\t\t<input type=\"hidden\" name=\"wpforms[author]\" value=\"1\"><button type=\"submit\" name=\"wpforms[submit]\" id=\"wpforms-submit-557\" data-alt-text=\"Envoi...\" data-submit-text=\"Envoyer\" aria-live=\"assertive\" value=\"wpforms-submit\">Envoyer<\/button><\/form>\n<p>  <!-- .wpforms-container --><\/p>\n","protected":false},"excerpt":{"rendered":"<p>Inscription pour la saison 2023\/2024 Inscription de 60\u20ac donnant droit de participer \u00e0 tous les ateliers de la saison 2023\/2024 Veuillez activer JavaScript dans votre navigateur pour remplir ce formulaire.Nom *Pr\u00e9nomNomE-mail *Inscription *AdulteEnfantEnfant + Adulte accompagnantT\u00e9l\u00e9phoneJe peux ammener un PC portable. * Oui Non Je dispose d&rsquo;un PC Windows portable sur lequel je souhaite installer &hellip; <a href=\"https:\/\/fbd38.com\/index.php\/inscription\/\" class=\"more-link\">Continuer la lecture<span class=\"screen-reader-text\"> de &laquo;&nbsp;Inscription&nbsp;&raquo;<\/span><\/a><\/p>\n","protected":false},"author":1,"featured_media":0,"parent":0,"menu_order":0,"comment_status":"closed","ping_status":"closed","template":"","meta":{"footnotes":""},"class_list":["post-708","page","type-page","status-publish","hentry"],"jetpack_sharing_enabled":true,"_links":{"self":[{"href":"https:\/\/fbd38.com\/index.php\/wp-json\/wp\/v2\/pages\/708","targetHints":{"allow":["GET"]}}],"collection":[{"href":"https:\/\/fbd38.com\/index.php\/wp-json\/wp\/v2\/pages"}],"about":[{"href":"https:\/\/fbd38.com\/index.php\/wp-json\/wp\/v2\/types\/page"}],"author":[{"embeddable":true,"href":"https:\/\/fbd38.com\/index.php\/wp-json\/wp\/v2\/users\/1"}],"replies":[{"embeddable":true,"href":"https:\/\/fbd38.com\/index.php\/wp-json\/wp\/v2\/comments?post=708"}],"version-history":[{"count":4,"href":"https:\/\/fbd38.com\/index.php\/wp-json\/wp\/v2\/pages\/708\/revisions"}],"predecessor-version":[{"id":712,"href":"https:\/\/fbd38.com\/index.php\/wp-json\/wp\/v2\/pages\/708\/revisions\/712"}],"wp:attachment":[{"href":"https:\/\/fbd38.com\/index.php\/wp-json\/wp\/v2\/media?parent=708"}],"curies":[{"name":"wp","href":"https:\/\/api.w.org\/{rel}","templated":true}]}}